{"id":1913,"date":"2023-09-18T15:11:42","date_gmt":"2023-09-18T14:11:42","guid":{"rendered":"https:\/\/aboutasthma.org\/glosario-de-asma\/"},"modified":"2024-04-24T10:20:23","modified_gmt":"2024-04-24T09:20:23","slug":"glosario-de-asma","status":"publish","type":"page","link":"https:\/\/aboutasthma.org\/es\/glosario-de-asma\/","title":{"rendered":"Glosario de Asma"},"content":{"rendered":"<div class=\"cm-glossary\"><div class=\"glossary-container no-counts\"><input type=\"hidden\" class=\"cmtt-attribute-field\" name=\"glossary_index_style\" value=\"classic\">        <div class=\"progress-indicator\" style=\"display:none\">\r\n                            <img decoding=\"async\" src=\"https:\/\/aboutasthma.org\/wp-content\/plugins\/TooltipProPlus\/assets\/css\/images\/ajax-loader.gif\" alt=\"AJAX progress indicator\"\/>\r\n                    <\/div>\r\n\t\t<div class=\"glossary_top_filter\">\r\n\t\t\t<div class=\"left\">\r\n\t\t\t\t\t\t\t\t\t<span class=\"glossary-search-label\"><\/span>\r\n\t\t\t\t\t<div class=\"glossary-search-wrapper\">\r\n\t\t\t\t\t\t\t\t\t\t\t\t<input value=\"\"\r\n\t\t\t\t\t\t       placeholder=\"\"\r\n\t\t\t\t\t\t       class=\"glossary-search-term \" name=\"glossary-search-term\"\r\n\t\t\t\t\t\t       id=\"glossary-search-term\"\r\n                               aria-label=\"\"\/>\r\n\t\t\t\t\t\t<button type=\"submit\" id=\"glossary-search\"\r\n\t\t\t\t\t\t        class=\"glossary-search button\"><\/button>\r\n\t\t\t\t\t<\/div>\r\n\t\t\t\t\t<a class=\"glossary-search-clear\" title=\"Clear the input\"\r\n\t\t\t\t\t   href=\"\">\r\n\t\t\t\t\t\t\t\t\t\t\t<\/a>\r\n\t\t\t\t\t\t\t\t<\/div>\r\n\t\t\t\t\t<\/div>\r\n\r\n\t\t<input type=\"hidden\" class=\"cmtt-attribute-field\" name=\"disable_listnav\"\r\n\t\t       value=\"0\"\/>\r\n\t\t<input type=\"hidden\" class=\"cmtt-attribute-field\" name=\"exact_search\"\r\n\t\t       value=\"0\"\/>\r\n\t\t<input type=\"hidden\" class=\"cmtt-attribute-field\" name=\"show_search\"\r\n\t\t       value=\"1\"\/>\r\n\t\t<input type=\"hidden\" class=\"glossary-hide-terms\" name=\"glossary-hide-terms\"\r\n\t\t       value=\"0\"\/>\r\n\t\t<input type=\"hidden\" class=\"glossary-hide-categories\" name=\"glossary-hide-categories\"\r\n\t\t       value=\"0\"\/>\r\n\t\t<input type=\"hidden\" class=\"glossary-hide-abbrevs\" name=\"glossary-hide-abbrevs\"\r\n\t\t       value=\"0\"\/>\r\n\t\t<input type=\"hidden\" class=\"glossary-hide-synonyms\" name=\"glossary-hide-synonyms\"\r\n\t\t       value=\"0\"\/>\r\n\t\t<input type=\"hidden\" class=\"glossary-perpage\" name=\"glossary-perpage\"\r\n\t\t       value=\"0\"\/>\r\n\t\t<input type=\"hidden\" name=\"tooltip_language\"\r\n\t\t       value=\"\"\/>\r\n\t\t<input type=\"hidden\" name=\"language_dropdown\"\r\n\t\t       value=\"\"\/>\r\n\t\t<input type=\"hidden\" name=\"languages_for_table\"\r\n\t\t       value=\"\"\/>\r\n\t\t<div id=\"glossaryList-nav\" class=\"listNav medium\" role=\"tablist\"><\/div><ul class=\"glossaryList\" role=\"tablist\" id=\"glossaryList\"  itemscope itemtype=\"https:\/\/schema.org\/DefinedTermSet\"><li class=\" ln-0\"  itemscope itemtype=\"https:\/\/schema.org\/DefinedTerm\" ><a href=\"https:\/\/aboutasthma.org\/es\/glossary\/agonistas-beta-de-corta-duracion\/\"  target=\"_blank\"  rel=\"nofollow\"  role=\"term\" class=\"glossaryLink glossary-link-title \"   style=\"\"   itemprop=\"url\"  aria-describedby=\"tt\" data-cmtooltip=\"cmtt_9e752b623731a5c0d2ef4e0508d779cc\"><span itemprop=\"name\">Agonistas beta de corta duraci\u00f3n<\/span><\/a><\/li><li class=\" ln-0\"  itemscope itemtype=\"https:\/\/schema.org\/DefinedTerm\" ><a href=\"https:\/\/aboutasthma.org\/es\/glossary\/agonistas-beta-de-larga-duracion\/\"  target=\"_blank\"  rel=\"nofollow\"  role=\"term\" class=\"glossaryLink glossary-link-title \"   style=\"\"   itemprop=\"url\"  aria-describedby=\"tt\" data-cmtooltip=\"cmtt_a10844ad1c197f1eb15569335d534be4\"><span itemprop=\"name\">Agonistas beta de larga duraci\u00f3n<\/span><\/a><\/li><li class=\" ln-0\"  itemscope itemtype=\"https:\/\/schema.org\/DefinedTerm\" ><a href=\"https:\/\/aboutasthma.org\/es\/glossary\/antiinflamatorios-no-esteroideos\/\"  target=\"_blank\"  rel=\"nofollow\"  role=\"term\" class=\"glossaryLink glossary-link-title \"   style=\"\"   itemprop=\"url\"  aria-describedby=\"tt\" data-cmtooltip=\"cmtt_63bee7ed4dc3dc058c3c460a6f3a3223\"><span itemprop=\"name\">AINE<\/span><\/a><\/li><li class=\" ln-0\"  itemscope itemtype=\"https:\/\/schema.org\/DefinedTerm\" ><a href=\"https:\/\/aboutasthma.org\/es\/glossary\/alergia\/\"  target=\"_blank\"  rel=\"nofollow\"  role=\"term\" class=\"glossaryLink glossary-link-title \"   style=\"\"   itemprop=\"url\"  aria-describedby=\"tt\" data-cmtooltip=\"cmtt_81d27d3baf5ed889ffc681f65e5a1028\"><span itemprop=\"name\">Alergia<\/span><\/a><\/li><li class=\" ln-0\"  itemscope itemtype=\"https:\/\/schema.org\/DefinedTerm\" ><a href=\"https:\/\/aboutasthma.org\/es\/glossary\/antagonistas-de-los-receptores-de-leucotrienos\/\"  target=\"_blank\"  rel=\"nofollow\"  role=\"term\" class=\"glossaryLink glossary-link-title \"   style=\"\"   itemprop=\"url\"  aria-describedby=\"tt\" data-cmtooltip=\"cmtt_82feb51435995413a03611ac81aef37c\"><span itemprop=\"name\">Antagonistas de los receptores de leucotrienos<\/span><\/a><\/li><li class=\" ln-0\"  itemscope itemtype=\"https:\/\/schema.org\/DefinedTerm\" ><a href=\"https:\/\/aboutasthma.org\/es\/glossary\/antiinflamatorios-no-esteroideos\/\"  target=\"_blank\"  rel=\"nofollow\"  role=\"term\" class=\"glossaryLink glossary-link-title \"   style=\"\"   itemprop=\"url\"  aria-describedby=\"tt\" data-cmtooltip=\"cmtt_81be518feef119ee559cc566294a7a2d\"><span itemprop=\"name\">Antiinflamatorios no esteroideos<\/span><\/a><\/li><li class=\" ln-0\"  itemscope itemtype=\"https:\/\/schema.org\/DefinedTerm\" ><a href=\"https:\/\/aboutasthma.org\/es\/glossary\/aumento-de-moco\/\"  target=\"_blank\"  rel=\"nofollow\"  role=\"term\" class=\"glossaryLink glossary-link-title \"   style=\"\"   itemprop=\"url\"  aria-describedby=\"tt\" data-cmtooltip=\"cmtt_8d50d4d9e18ca219d0630d16e87c553b\"><span itemprop=\"name\">Aumento de moco<\/span><\/a><\/li><li class=\" ln-1\"  itemscope itemtype=\"https:\/\/schema.org\/DefinedTerm\" ><a href=\"https:\/\/aboutasthma.org\/es\/glossary\/broncoespasmo\/\"  target=\"_blank\"  rel=\"nofollow\"  role=\"term\" class=\"glossaryLink glossary-link-title \"   style=\"\"   itemprop=\"url\"  aria-describedby=\"tt\" data-cmtooltip=\"cmtt_39ecb6807a5666d89136fe747b45941a\"><span itemprop=\"name\">Broncoespasmo<\/span><\/a><\/li><li class=\" ln-2\"  itemscope itemtype=\"https:\/\/schema.org\/DefinedTerm\" ><a href=\"https:\/\/aboutasthma.org\/es\/glossary\/camara-espaciadora\/\"  target=\"_blank\"  rel=\"nofollow\"  role=\"term\" class=\"glossaryLink glossary-link-title \"   style=\"\"   itemprop=\"url\"  aria-describedby=\"tt\" data-cmtooltip=\"cmtt_0d4e9d749d44011d275a5339f46ae23a\"><span itemprop=\"name\">C\u00e1mara espaciadora<\/span><\/a><\/li><li class=\" ln-2\"  itemscope itemtype=\"https:\/\/schema.org\/DefinedTerm\" ><a href=\"https:\/\/aboutasthma.org\/es\/glossary\/corticosteroides-inhalados\/\"  target=\"_blank\"  rel=\"nofollow\"  role=\"term\" class=\"glossaryLink glossary-link-title \"   style=\"\"   itemprop=\"url\"  aria-describedby=\"tt\" data-cmtooltip=\"cmtt_e207e5f10e8fdd018a57e41f2bee13f3\"><span itemprop=\"name\">Corticosteroides inhalados<\/span><\/a><\/li><li class=\" ln-2\"  itemscope itemtype=\"https:\/\/schema.org\/DefinedTerm\" ><a href=\"https:\/\/aboutasthma.org\/es\/glossary\/corticosteroides-orales\/\"  target=\"_blank\"  rel=\"nofollow\"  role=\"term\" class=\"glossaryLink glossary-link-title \"   style=\"\"   itemprop=\"url\"  aria-describedby=\"tt\" data-cmtooltip=\"cmtt_82159838ad3e8147b3b96c42d0c74de9\"><span itemprop=\"name\">Corticosteroides orales<\/span><\/a><\/li><li class=\" ln-3\"  itemscope itemtype=\"https:\/\/schema.org\/DefinedTerm\" ><a href=\"https:\/\/aboutasthma.org\/es\/glossary\/desencadenante\/\"  target=\"_blank\"  rel=\"nofollow\"  role=\"term\" class=\"glossaryLink glossary-link-title \"   style=\"\"   itemprop=\"url\"  aria-describedby=\"tt\" data-cmtooltip=\"cmtt_e1df4c5d8bfbb6224f168312a8585498\"><span itemprop=\"name\">Desencadenante<\/span><\/a><\/li><li class=\" ln-3\"  itemscope itemtype=\"https:\/\/schema.org\/DefinedTerm\" ><a href=\"https:\/\/aboutasthma.org\/es\/glossary\/inhalador-de-polvo-seco\/\"  target=\"_blank\"  rel=\"nofollow\"  role=\"term\" class=\"glossaryLink glossary-link-title \"   style=\"\"   itemprop=\"url\"  aria-describedby=\"tt\" data-cmtooltip=\"cmtt_f21f60d42c1235b52969cb7e4c35dae2\"><span itemprop=\"name\">DPI<\/span><\/a><\/li><li class=\" ln-4\"  itemscope itemtype=\"https:\/\/schema.org\/DefinedTerm\" ><a href=\"https:\/\/aboutasthma.org\/es\/glossary\/enfermedad-pulmonar-obstructiva-cronica\/\"  target=\"_blank\"  rel=\"nofollow\"  role=\"term\" class=\"glossaryLink glossary-link-title \"   style=\"\"   itemprop=\"url\"  aria-describedby=\"tt\" data-cmtooltip=\"cmtt_1a6b952050f12355495f2aa51555c414\"><span itemprop=\"name\">Enfermedad Pulmonar Obstructiva Cr\u00f3nica<\/span><\/a><\/li><li class=\" ln-4\"  itemscope itemtype=\"https:\/\/schema.org\/DefinedTerm\" ><a href=\"https:\/\/aboutasthma.org\/es\/glossary\/enfermedad-pulmonar-obstructiva-cronica\/\"  target=\"_blank\"  rel=\"nofollow\"  role=\"term\" class=\"glossaryLink glossary-link-title \"   style=\"\"   itemprop=\"url\"  aria-describedby=\"tt\" data-cmtooltip=\"cmtt_f989a6db2f2a684896f830a31e2c4272\"><span itemprop=\"name\">EPOC<\/span><\/a><\/li><li class=\" ln-4\"  itemscope itemtype=\"https:\/\/schema.org\/DefinedTerm\" ><a href=\"https:\/\/aboutasthma.org\/es\/glossary\/espirometria\/\"  target=\"_blank\"  rel=\"nofollow\"  role=\"term\" class=\"glossaryLink glossary-link-title \"   style=\"\"   itemprop=\"url\"  aria-describedby=\"tt\" data-cmtooltip=\"cmtt_44505c5c4f16f67eaa57ae82d476e646\"><span itemprop=\"name\">Espirometr\u00eda<\/span><\/a><\/li><li class=\" ln-4\"  itemscope itemtype=\"https:\/\/schema.org\/DefinedTerm\" ><a href=\"https:\/\/aboutasthma.org\/es\/glossary\/estrechamiento-muscular\/\"  target=\"_blank\"  rel=\"nofollow\"  role=\"term\" class=\"glossaryLink glossary-link-title \"   style=\"\"   itemprop=\"url\"  aria-describedby=\"tt\" data-cmtooltip=\"cmtt_0815def1729f27a7080af6f9c964153d\"><span itemprop=\"name\">Estrechamiento muscular<\/span><\/a><\/li><li class=\" ln-4\"  itemscope itemtype=\"https:\/\/schema.org\/DefinedTerm\" ><a href=\"https:\/\/aboutasthma.org\/es\/glossary\/exacerbacion\/\"  target=\"_blank\"  rel=\"nofollow\"  role=\"term\" class=\"glossaryLink glossary-link-title \"   style=\"\"   itemprop=\"url\"  aria-describedby=\"tt\" data-cmtooltip=\"cmtt_eba94c1f52a44cbf6df684f8acd47e97\"><span itemprop=\"name\">Exacerbaci\u00f3n<\/span><\/a><\/li><li class=\" ln-5\"  itemscope itemtype=\"https:\/\/schema.org\/DefinedTerm\" ><a href=\"https:\/\/aboutasthma.org\/es\/glossary\/falta-de-aliento\/\"  target=\"_blank\"  rel=\"nofollow\"  role=\"term\" class=\"glossaryLink glossary-link-title \"   style=\"\"   itemprop=\"url\"  aria-describedby=\"tt\" data-cmtooltip=\"cmtt_4bfaac17c1221ae5db74b359d7bc105f\"><span itemprop=\"name\">Falta de aliento<\/span><\/a><\/li><li class=\" ln-5\"  itemscope itemtype=\"https:\/\/schema.org\/DefinedTerm\" ><a href=\"https:\/\/aboutasthma.org\/es\/glossary\/fenotipos\/\"  target=\"_blank\"  rel=\"nofollow\"  role=\"term\" class=\"glossaryLink glossary-link-title \"   style=\"\"   itemprop=\"url\"  aria-describedby=\"tt\" data-cmtooltip=\"cmtt_aaf512de6a1ce5f1ae1591e22752b074\"><span itemprop=\"name\">Fenotipos<\/span><\/a><\/li><li class=\" ln-5\"  itemscope itemtype=\"https:\/\/schema.org\/DefinedTerm\" ><a href=\"https:\/\/aboutasthma.org\/es\/glossary\/volumen-espiratorio-forzado-en-un-segundo\/\"  target=\"_blank\"  rel=\"nofollow\"  role=\"term\" class=\"glossaryLink glossary-link-title \"   style=\"\"   itemprop=\"url\"  aria-describedby=\"tt\" data-cmtooltip=\"cmtt_74bc6c2c1287a0d186733e0c083b95a3\"><span itemprop=\"name\">FEV1<\/span><\/a><\/li><li class=\" ln-5\"  itemscope itemtype=\"https:\/\/schema.org\/DefinedTerm\" ><a href=\"https:\/\/aboutasthma.org\/es\/glossary\/flujo-espiratorio-maximo\/\"  target=\"_blank\"  rel=\"nofollow\"  role=\"term\" class=\"glossaryLink glossary-link-title \"   style=\"\"   itemprop=\"url\"  aria-describedby=\"tt\" data-cmtooltip=\"cmtt_c4629b99a1c3cf7eeda669efe1b1e541\"><span itemprop=\"name\">Flujo espiratorio m\u00e1ximo<\/span><\/a><\/li><li class=\" ln-7\"  itemscope itemtype=\"https:\/\/schema.org\/DefinedTerm\" ><a href=\"https:\/\/aboutasthma.org\/es\/glossary\/hinchazon\/\"  target=\"_blank\"  rel=\"nofollow\"  role=\"term\" class=\"glossaryLink glossary-link-title \"   style=\"\"   itemprop=\"url\"  aria-describedby=\"tt\" data-cmtooltip=\"cmtt_91f1d011ed9ada802ab2ad22afa9a80d\"><span itemprop=\"name\">Hinchaz\u00f3n<\/span><\/a><\/li><li class=\" ln-8\"  itemscope itemtype=\"https:\/\/schema.org\/DefinedTerm\" ><a href=\"https:\/\/aboutasthma.org\/es\/glossary\/inflamacion-de-las-vias-respiratorias-causada-por-una-activacion-excesiva-de-los-eosinofilos\/\"  target=\"_blank\"  rel=\"nofollow\"  role=\"term\" class=\"glossaryLink glossary-link-title \"   style=\"\"   itemprop=\"url\"  aria-describedby=\"tt\" data-cmtooltip=\"cmtt_54c92863592aebff86d57870e17f16e2\"><span itemprop=\"name\">Inflamaci\u00f3n de las v\u00edas respiratorias causada por una activaci\u00f3n excesiva de los eosin\u00f3filos<\/span><\/a><\/li><li class=\" ln-8\"  itemscope itemtype=\"https:\/\/schema.org\/DefinedTerm\" ><a href=\"https:\/\/aboutasthma.org\/es\/glossary\/inhalador-de-polvo-seco\/\"  target=\"_blank\"  rel=\"nofollow\"  role=\"term\" class=\"glossaryLink glossary-link-title \"   style=\"\"   itemprop=\"url\"  aria-describedby=\"tt\" data-cmtooltip=\"cmtt_b6d92d0a8ec6a2e5b3e3133ff69ad241\"><span itemprop=\"name\">Inhalador de polvo seco<\/span><\/a><\/li><li class=\" ln-8\"  itemscope itemtype=\"https:\/\/schema.org\/DefinedTerm\" ><a href=\"https:\/\/aboutasthma.org\/es\/glossary\/inhalador-dosificador-de-dosis-medida\/\"  target=\"_blank\"  rel=\"nofollow\"  role=\"term\" class=\"glossaryLink glossary-link-title \"   style=\"\"   itemprop=\"url\"  aria-describedby=\"tt\" data-cmtooltip=\"cmtt_2636eaba15325ea46faf5d29e079f231\"><span itemprop=\"name\">Inhalador dosificador de dosis medida<\/span><\/a><\/li><li class=\" ln-11\"  itemscope itemtype=\"https:\/\/schema.org\/DefinedTerm\" ><a href=\"https:\/\/aboutasthma.org\/es\/glossary\/agonistas-beta-de-larga-duracion\/\"  target=\"_blank\"  rel=\"nofollow\"  role=\"term\" class=\"glossaryLink glossary-link-title \"   style=\"\"   itemprop=\"url\"  aria-describedby=\"tt\" data-cmtooltip=\"cmtt_bba41059c5b577528be8f87aa7697cd1\"><span itemprop=\"name\">LABA<\/span><\/a><\/li><li class=\" ln-11\"  itemscope itemtype=\"https:\/\/schema.org\/DefinedTerm\" ><a href=\"https:\/\/aboutasthma.org\/es\/glossary\/corticosteroides-inhalados\/\"  target=\"_blank\"  rel=\"nofollow\"  role=\"term\" class=\"glossaryLink glossary-link-title \"   style=\"\"   itemprop=\"url\"  aria-describedby=\"tt\" data-cmtooltip=\"cmtt_12f2b3277ef8d2e2ace49b441c051e0d\"><span itemprop=\"name\">LTRA<\/span><\/a><\/li><li class=\" ln-11\"  itemscope itemtype=\"https:\/\/schema.org\/DefinedTerm\" ><a href=\"https:\/\/aboutasthma.org\/es\/glossary\/antagonistas-de-los-receptores-de-leucotrienos\/\"  target=\"_blank\"  rel=\"nofollow\"  role=\"term\" class=\"glossaryLink glossary-link-title \"   style=\"\"   itemprop=\"url\"  aria-describedby=\"tt\" data-cmtooltip=\"cmtt_c53ab65fb47b94b4e11eec6530e73bc1\"><span itemprop=\"name\">LTRA<\/span><\/a><\/li><li class=\" ln-12\"  itemscope itemtype=\"https:\/\/schema.org\/DefinedTerm\" ><a href=\"https:\/\/aboutasthma.org\/es\/glossary\/medidor-de-flujo-maximo\/\"  target=\"_blank\"  rel=\"nofollow\"  role=\"term\" class=\"glossaryLink glossary-link-title \"   style=\"\"   itemprop=\"url\"  aria-describedby=\"tt\" data-cmtooltip=\"cmtt_bf37cb595c1367e84f669ace2ee1958b\"><span itemprop=\"name\">Medidor de flujo m\u00e1ximo<\/span><\/a><\/li><li class=\" ln-12\"  itemscope itemtype=\"https:\/\/schema.org\/DefinedTerm\" ><a href=\"https:\/\/aboutasthma.org\/es\/glossary\/mejor-flujo-maximo-personal\/\"  target=\"_blank\"  rel=\"nofollow\"  role=\"term\" class=\"glossaryLink glossary-link-title \"   style=\"\"   itemprop=\"url\"  aria-describedby=\"tt\" data-cmtooltip=\"cmtt_ffe5b280b66c67574161d364a2f5cb6b\"><span itemprop=\"name\">Mejor flujo m\u00e1ximo personal<\/span><\/a><\/li><li class=\" ln-13\"  itemscope itemtype=\"https:\/\/schema.org\/DefinedTerm\" ><a href=\"https:\/\/aboutasthma.org\/es\/glossary\/nebulizador\/\"  target=\"_blank\"  rel=\"nofollow\"  role=\"term\" class=\"glossaryLink glossary-link-title \"   style=\"\"   itemprop=\"url\"  aria-describedby=\"tt\" data-cmtooltip=\"cmtt_483b093431c6c66609f6f816e5e76054\"><span itemprop=\"name\">Nebulizador<\/span><\/a><\/li><li class=\" ln-14\"  itemscope itemtype=\"https:\/\/schema.org\/DefinedTerm\" ><a href=\"https:\/\/aboutasthma.org\/es\/glossary\/corticosteroides-orales\/\"  target=\"_blank\"  rel=\"nofollow\"  role=\"term\" class=\"glossaryLink glossary-link-title \"   style=\"\"   itemprop=\"url\"  aria-describedby=\"tt\" data-cmtooltip=\"cmtt_ce51bea5b1cc9d978f10ba0c13710b87\"><span itemprop=\"name\">OCS<\/span><\/a><\/li><li class=\" ln-14\"  itemscope itemtype=\"https:\/\/schema.org\/DefinedTerm\" ><a href=\"https:\/\/aboutasthma.org\/es\/glossary\/opresion-en-el-pecho\/\"  target=\"_blank\"  rel=\"nofollow\"  role=\"term\" class=\"glossaryLink glossary-link-title \"   style=\"\"   itemprop=\"url\"  aria-describedby=\"tt\" data-cmtooltip=\"cmtt_03d2170382c37dfb39360e1368a277a6\"><span itemprop=\"name\">Opresi\u00f3n en el pecho<\/span><\/a><\/li><li class=\" ln-15\"  itemscope itemtype=\"https:\/\/schema.org\/DefinedTerm\" ><a href=\"https:\/\/aboutasthma.org\/es\/glossary\/flujo-espiratorio-maximo\/\"  target=\"_blank\"  rel=\"nofollow\"  role=\"term\" class=\"glossaryLink glossary-link-title \"   style=\"\"   itemprop=\"url\"  aria-describedby=\"tt\" data-cmtooltip=\"cmtt_ff2ebb87e5615f195e4a3055711f1716\"><span itemprop=\"name\">PEF<\/span><\/a><\/li><li class=\" ln-15\"  itemscope itemtype=\"https:\/\/schema.org\/DefinedTerm\" ><a href=\"https:\/\/aboutasthma.org\/es\/glossary\/inhalador-dosificador-de-dosis-medida\/\"  target=\"_blank\"  rel=\"nofollow\"  role=\"term\" class=\"glossaryLink glossary-link-title \"   style=\"\"   itemprop=\"url\"  aria-describedby=\"tt\" data-cmtooltip=\"cmtt_f6a613b41fd8a06ba480de513a4a5ecf\"><span itemprop=\"name\">pMDI<\/span><\/a><\/li><li class=\" ln-17\"  itemscope itemtype=\"https:\/\/schema.org\/DefinedTerm\" ><a href=\"https:\/\/aboutasthma.org\/es\/glossary\/rinitis\/\"  target=\"_blank\"  rel=\"nofollow\"  role=\"term\" class=\"glossaryLink glossary-link-title \"   style=\"\"   itemprop=\"url\"  aria-describedby=\"tt\" data-cmtooltip=\"cmtt_021cf92ea060f307cfe973cabf1db157\"><span itemprop=\"name\">Rinitis<\/span><\/a><\/li><li class=\" ln-18\"  itemscope itemtype=\"https:\/\/schema.org\/DefinedTerm\" ><a href=\"https:\/\/aboutasthma.org\/es\/glossary\/agonistas-beta-de-corta-duracion\/\"  target=\"_blank\"  rel=\"nofollow\"  role=\"term\" class=\"glossaryLink glossary-link-title \"   style=\"\"   itemprop=\"url\"  aria-describedby=\"tt\" data-cmtooltip=\"cmtt_376368ccf2339d1a68d339cb7dc78610\"><span itemprop=\"name\">SABA<\/span><\/a><\/li><li class=\" ln-18\"  itemscope itemtype=\"https:\/\/schema.org\/DefinedTerm\" ><a href=\"https:\/\/aboutasthma.org\/es\/glossary\/shock-anafilactico\/\"  target=\"_blank\"  rel=\"nofollow\"  role=\"term\" class=\"glossaryLink glossary-link-title \"   style=\"\"   itemprop=\"url\"  aria-describedby=\"tt\" data-cmtooltip=\"cmtt_6f0d52a55ac2b349f2b41a089414e277\"><span itemprop=\"name\">Shock anafil\u00e1ctico<\/span><\/a><\/li><li class=\" ln-18\"  itemscope itemtype=\"https:\/\/schema.org\/DefinedTerm\" ><a href=\"https:\/\/aboutasthma.org\/es\/glossary\/sibilancias\/\"  target=\"_blank\"  rel=\"nofollow\"  role=\"term\" class=\"glossaryLink glossary-link-title \"   style=\"\"   itemprop=\"url\"  aria-describedby=\"tt\" data-cmtooltip=\"cmtt_e4424704ed3afb89e3ec9b96202cccb0\"><span itemprop=\"name\">Sibilancias<\/span><\/a><\/li><li class=\" ln-19\"  itemscope itemtype=\"https:\/\/schema.org\/DefinedTerm\" ><a href=\"https:\/\/aboutasthma.org\/es\/glossary\/terapias-biologica\/\"  target=\"_blank\"  rel=\"nofollow\"  role=\"term\" class=\"glossaryLink glossary-link-title \"   style=\"\"   itemprop=\"url\"  aria-describedby=\"tt\" data-cmtooltip=\"cmtt_df0fd9927afc945c9ad161180b3623d0\"><span itemprop=\"name\">Terapias biol\u00f3gica<\/span><\/a><\/li><li class=\" ln-19\"  itemscope itemtype=\"https:\/\/schema.org\/DefinedTerm\" ><a href=\"https:\/\/aboutasthma.org\/es\/glossary\/tos\/\"  target=\"_blank\"  rel=\"nofollow\"  role=\"term\" class=\"glossaryLink glossary-link-title \"   style=\"\"   itemprop=\"url\"  aria-describedby=\"tt\" data-cmtooltip=\"cmtt_80bed51e525f7af23db5ac5f710ba3f9\"><span itemprop=\"name\">Tos<\/span><\/a><\/li><li class=\" ln-21\"  itemscope itemtype=\"https:\/\/schema.org\/DefinedTerm\" ><a href=\"https:\/\/aboutasthma.org\/es\/glossary\/vacunacion-contra-la-alergia\/\"  target=\"_blank\"  rel=\"nofollow\"  role=\"term\" class=\"glossaryLink glossary-link-title \"   style=\"\"   itemprop=\"url\"  aria-describedby=\"tt\" data-cmtooltip=\"cmtt_eba6405ed366b1087108f71a1964f7cd\"><span itemprop=\"name\">Vacunaci\u00f3n contra la alergia<\/span><\/a><\/li><li class=\" ln-21\"  itemscope itemtype=\"https:\/\/schema.org\/DefinedTerm\" ><a href=\"https:\/\/aboutasthma.org\/es\/glossary\/volumen-espiratorio-forzado-en-un-segundo\/\"  target=\"_blank\"  rel=\"nofollow\"  role=\"term\" class=\"glossaryLink glossary-link-title \"   style=\"\"   itemprop=\"url\"  aria-describedby=\"tt\" data-cmtooltip=\"cmtt_6ba6f3648e865b69ab85a38d04a249f7\"><span itemprop=\"name\">Volumen espiratorio forzado en un segundo<\/span><\/a><\/li><\/ul><\/div><\/div>\n","protected":false},"excerpt":{"rendered":"","protected":false},"author":1,"featured_media":0,"parent":0,"menu_order":0,"comment_status":"closed","ping_status":"closed","template":"","meta":{"_acf_changed":false,"footnotes":""},"class_list":["post-1913","page","type-page","status-publish","hentry"],"acf":[],"aioseo_notices":[],"_links":{"self":[{"href":"https:\/\/aboutasthma.org\/es\/wp-json\/wp\/v2\/pages\/1913","targetHints":{"allow":["GET"]}}],"collection":[{"href":"https:\/\/aboutasthma.org\/es\/wp-json\/wp\/v2\/pages"}],"about":[{"href":"https:\/\/aboutasthma.org\/es\/wp-json\/wp\/v2\/types\/page"}],"author":[{"embeddable":true,"href":"https:\/\/aboutasthma.org\/es\/wp-json\/wp\/v2\/users\/1"}],"replies":[{"embeddable":true,"href":"https:\/\/aboutasthma.org\/es\/wp-json\/wp\/v2\/comments?post=1913"}],"version-history":[{"count":1,"href":"https:\/\/aboutasthma.org\/es\/wp-json\/wp\/v2\/pages\/1913\/revisions"}],"predecessor-version":[{"id":1914,"href":"https:\/\/aboutasthma.org\/es\/wp-json\/wp\/v2\/pages\/1913\/revisions\/1914"}],"wp:attachment":[{"href":"https:\/\/aboutasthma.org\/es\/wp-json\/wp\/v2\/media?parent=1913"}],"curies":[{"name":"wp","href":"https:\/\/api.w.org\/{rel}","templated":true}]}}