{"id":1369,"date":"2023-09-14T09:19:26","date_gmt":"2023-09-14T08:19:26","guid":{"rendered":"https:\/\/aboutasthma.org\/a-propos\/"},"modified":"2024-05-07T16:40:57","modified_gmt":"2024-05-07T15:40:57","slug":"a-propos","status":"publish","type":"page","link":"https:\/\/aboutasthma.org\/fr\/a-propos\/","title":{"rendered":"\u00c0 propos"},"content":{"rendered":"\t\t<div data-elementor-type=\"wp-page\" data-elementor-id=\"1369\" class=\"elementor elementor-1369 elementor-18\">\n\t\t\t\t<div class=\"elementor-element elementor-element-1309b80 e-flex e-con-boxed e-con e-parent\" data-id=\"1309b80\" data-element_type=\"container\" data-e-type=\"container\">\n\t\t\t\t\t<div class=\"e-con-inner\">\n\t\t\t\t<div class=\"elementor-element elementor-element-4992f54 elementor-widget elementor-widget-text-editor\" data-id=\"4992f54\" data-element_type=\"widget\" data-e-type=\"widget\" data-widget_type=\"text-editor.default\">\n\t\t\t\t<div class=\"elementor-widget-container\">\n\t\t\t\t\t\t\t\t\t<p>Le site web AboutAsthma.org est un guide destin\u00e9 aux patients asthmatiques, fournissant des informations g\u00e9n\u00e9rales \u00e0 des fins \u00e9ducatives uniquement. Il s&rsquo;adresse principalement aux patients asthmatiques et \u00e0 leurs aidants. <\/p>\n<p>Le contenu de ce site web ne remplace pas les conseils professionnels en mati\u00e8re de soins de sant\u00e9, et ne doit pas \u00eatre utilis\u00e9 comme guide pour le diagnostic ou le traitement de tout probl\u00e8me de sant\u00e9 ou de maladie. Les patients devraient toujours consulter un m\u00e9decin ou un autre professionnel de sant\u00e9 pour des conseils m\u00e9dicaux ou des informations sur le diagnostic et le traitement de l&rsquo;asthme. <\/p>\n<p>La F\u00e9d\u00e9ration europ\u00e9enne des associations de patients atteints d&rsquo;allergies et de maladies des voies respiratoires (EFA) est l&rsquo;auteure et l&rsquo;\u00e9ditrice de ce site web. L&rsquo;auteur a g\u00e9n\u00e9r\u00e9 des informations li\u00e9es aux patients du mieux qu&rsquo;il a pu, apr\u00e8s avoir examin\u00e9 le Rapport strat\u00e9gique 2022 de l&rsquo;Initiative mondiale pour l&rsquo;asthme (GINA) destin\u00e9 aux professionnels de la sant\u00e9, ainsi que d&rsquo;autres ressources scientifiques. L&rsquo;EFA a utilis\u00e9 le Rapport strat\u00e9gique 2022 de le GINA comme base pour \u00e9laborer ce guide, destin\u00e9 \u00e0 fournir des informations g\u00e9n\u00e9rales sur la gestion de l&rsquo;asthme aux <span style=\"text-align: var(--text-align);\">non-professionnels de la sant\u00e9<\/span>  <span style=\"text-align: var(--text-align);\">. La GINA n&rsquo;est pas responsable de l&rsquo;exactitude du contenu pr\u00e9sent\u00e9 ici. Le Rapport strat\u00e9gique actuel de le GINA est accessible sur le site web de la GINA (www.ginasthma.org\/reports). <\/span><\/p>\n<p>Les informations contenues dans ce site web doivent \u00eatre consid\u00e9r\u00e9es comme des conseils g\u00e9n\u00e9raux. Les syst\u00e8mes de sant\u00e9, la disponibilit\u00e9 des m\u00e9dicaments et les r\u00e9glementations en mati\u00e8re de prescription varient d&rsquo;un pays \u00e0 l&rsquo;autre. Pour obtenir des informations sur les soins de l&rsquo;asthme dans leur pays, les patients devraient consulter des ressources locales. Veuillez v\u00e9rifier aupr\u00e8s de votre professionnel de sant\u00e9 ou de <a href=\"https:\/\/efanet.org\/about-efa\/organisation\/members\" target=\"_blank\" rel=\"noopener\">votre association locale de patients asthmatiques<\/a>.   <\/p>\n<p>Le site web est traduit en plusieurs langues.<\/p>\n\t\t\t\t\t\t\t\t<\/div>\n\t\t\t\t<\/div>\n\t\t\t\t\t<\/div>\n\t\t\t\t<\/div>\n\t\t<div class=\"elementor-element elementor-element-f96974a e-flex e-con-boxed e-con e-parent\" data-id=\"f96974a\" data-element_type=\"container\" data-e-type=\"container\">\n\t\t\t\t\t<div class=\"e-con-inner\">\n\t\t\t\t<div class=\"elementor-element elementor-element-7c1da9d elementor-widget elementor-widget-heading\" data-id=\"7c1da9d\" data-element_type=\"widget\" data-e-type=\"widget\" data-widget_type=\"heading.default\">\n\t\t\t\t<div class=\"elementor-widget-container\">\n\t\t\t\t\t<h2 class=\"elementor-heading-title elementor-size-default\">\u00c0 propos du projet \"GUIDE Asthme\" <\/h2>\t\t\t\t<\/div>\n\t\t\t\t<\/div>\n\t\t\t\t<div class=\"elementor-element elementor-element-0f2fc8d elementor-widget elementor-widget-text-editor\" data-id=\"0f2fc8d\" data-element_type=\"widget\" data-e-type=\"widget\" data-widget_type=\"text-editor.default\">\n\t\t\t\t<div class=\"elementor-widget-container\">\n\t\t\t\t\t\t\t\t\t<p>Le contr\u00f4le de l&rsquo;asthme reste relativement insatisfaisant en Europe et dans le monde, et les patients n&rsquo;ont pas toujours acc\u00e8s \u00e0 des ressources \u00e9ducatives pr\u00e9cises pour les soutenir dans la gestion de leur maladie.<\/p><p>Selon une <a href=\"https:\/\/efanet.org\/news\/3763-efa-launches-european-report-active-patients-access-care\" target=\"_blank\" rel=\"noopener\">enqu\u00eate men\u00e9e par l&rsquo;EFA en 2019<\/a>, un tiers des patients asthmatiques et atteints de bronchopneumopathie chronique obstructive (BPCO) en Europe ne se sentent pas impliqu\u00e9s dans les d\u00e9cisions concernant leur traitement et estiment souvent, ne pas disposer d&rsquo;outils personnalis\u00e9s pour g\u00e9rer eux-m\u00eames leur maladie. Un total de 20% des patients asthmatiques interrog\u00e9s ont d\u00e9clar\u00e9 \u00ab\u00a0n&rsquo;avoir jamais entendu parler\u00a0\u00bb de plans d&rsquo;autogestion \u00e9crits pour l&rsquo;asthme.<\/p><p>Une enqu\u00eate interne men\u00e9e par l&rsquo;EFA en 2022, aupr\u00e8s de la communaut\u00e9 asthmatique de l&rsquo;EFA, a confirm\u00e9 qu&rsquo;il n&rsquo;existe g\u00e9n\u00e9ralement pas de mat\u00e9riel \u00e9ducatif pour les patients asthmatiques dans la plupart des pays, ou s&rsquo;il existe, il n&rsquo;est pas facilement accessible.<\/p><p>Pour combler ce foss\u00e9, en 2023, la F\u00e9d\u00e9ration europ\u00e9enne des associations de patients atteints d&rsquo;allergies et de maladies des voies respiratoires (EFA) a lanc\u00e9 le site web \u00ab\u00a0About Asthma\u00a0\u00bb, afin de fournir aux patients asthmatiques et \u00e0 leurs aidants une source d&rsquo;informations fiables et facilement compr\u00e9hensibles, qu&rsquo;ils peuvent consulter \u00e0 tout moment.<\/p><h3>Remerciements<\/h3><p>Le site web AboutAsthma.org fait partie du projet GUIDE Asthme 2023 de l&rsquo;EFA. Le projet a re\u00e7u des subventions \u00e9ducatives non restrictives des partenaires corporatifs durables de l&rsquo;EFA, AstraZeneca, Chiesi et OM Pharma.<\/p><p>L&rsquo;EFA remercie le Prof. Dr. Helen Reddel d&rsquo;avoir lu une \u00e9bauche du contenu du guide du patient et d&rsquo;avoir fourni des conseils pertinents pour l&rsquo;exactitude des d\u00e9clarations m\u00e9dicales.<\/p><p>L&rsquo;EFA remercie les membres de son groupe de travail sur l&rsquo;asthme et les allergies pour avoir apport\u00e9 des \u00e9clairages tout au long de ce projet.<\/p><p>Le site web a \u00e9t\u00e9 publi\u00e9 en collaboration avec la Plateforme mondiale des patients allergiques et atteints de maladies des voies respiratoires (GAAPP).<\/p><p><span dir=\"ltr\">L&rsquo;EFA remercie les auteurs du contenu \u00e9ducatif sur le site web &#8211; Daniela Finizio, Roberta Fabiani de Scientific Communication srl, pour leur contribution \u00e0 rendre l&rsquo;information sur l&rsquo;asthme accessible et compl\u00e8te pour les patients. <\/span><\/p><p><span dir=\"ltr\"><span style=\"color: black; font-family: 'Century Gothic', sans-serif; font-size: 15pt; text-indent: -18pt; text-align: var(--text-align);\">La version fran\u00e7aise a \u00e9t\u00e9 d\u00e9velopp\u00e9 en collaboration avec le membre d\u2019EFA &#8211; <a href=\"https:\/\/www.afpral.fr\/page\/953363-l-association\">Association Fran\u00e7aise pour la Prevention des Allergies (AFPRAL)<\/a>.<\/span><\/span><\/p>\t\t\t\t\t\t\t\t<\/div>\n\t\t\t\t<\/div>\n\t\t\t\t\t<\/div>\n\t\t\t\t<\/div>\n\t\t<div class=\"elementor-element elementor-element-79c511a e-flex e-con-boxed e-con e-parent\" data-id=\"79c511a\" data-element_type=\"container\" data-e-type=\"container\">\n\t\t\t\t\t<div class=\"e-con-inner\">\n\t\t\t\t<div class=\"elementor-element elementor-element-3f2b11d elementor-widget elementor-widget-heading\" data-id=\"3f2b11d\" data-element_type=\"widget\" data-e-type=\"widget\" data-widget_type=\"heading.default\">\n\t\t\t\t<div class=\"elementor-widget-container\">\n\t\t\t\t\t<h2 class=\"elementor-heading-title elementor-size-default\">\u00c0 propos des lignes directrices cliniques nationales et internationales pour l'asthme<\/h2>\t\t\t\t<\/div>\n\t\t\t\t<\/div>\n\t\t\t\t<div class=\"elementor-element elementor-element-60c5202 elementor-widget elementor-widget-text-editor\" data-id=\"60c5202\" data-element_type=\"widget\" data-e-type=\"widget\" data-widget_type=\"text-editor.default\">\n\t\t\t\t<div class=\"elementor-widget-container\">\n\t\t\t\t\t\t\t\t\t<p>Les lignes directrices de pratique clinique sont une collection d&rsquo;informations sur une maladie ou une condition sp\u00e9cifique et visent \u00e0 fournir des recommandations m\u00e9dicales fond\u00e9es sur des preuves aux professionnels de la sant\u00e9 sur la mani\u00e8re de diagnostiquer, g\u00e9rer et traiter une maladie sp\u00e9cifique.<\/p>\n<p>L&rsquo;Initiative mondiale pour l&rsquo;asthme (GINA) est une organisation internationale ind\u00e9pendante qui publie un rapport destin\u00e9 aux professionnels de la sant\u00e9 avec une strat\u00e9gie mondiale pour la pr\u00e9vention et le traitement de l&rsquo;asthme. Le Rapport strat\u00e9gique de la GINA est mis \u00e0 jour annuellement, sur la base des meilleures preuves de recherche disponibles. Le Rapport de la GINA n&rsquo;est pas une ligne directrice, car il doit \u00eatre adapt\u00e9 au syst\u00e8me de sant\u00e9 local et aux approbations r\u00e9glementaires et \u00e0 la disponibilit\u00e9 locale des m\u00e9dicaments.  <\/p>\n<p>De nombreux pays ont \u00e9labor\u00e9 leurs propres lignes directrices nationales sur le diagnostic et le traitement de l&rsquo;asthme. Ces lignes directrices fournissent aux professionnels de la sant\u00e9 des recommandations adapt\u00e9es au syst\u00e8me de sant\u00e9 du pays, \u00e0 la disponibilit\u00e9 des m\u00e9dicaments et aux co\u00fbts. Votre m\u00e9decin peut vous indiquer quelles lignes directrices sur l&rsquo;asthme sont pertinentes pour votre pays.  <\/p>\n\t\t\t\t\t\t\t\t<\/div>\n\t\t\t\t<\/div>\n\t\t\t\t<div class=\"elementor-element elementor-element-28e36a9 box-title elementor-widget elementor-widget-text-editor\" data-id=\"28e36a9\" data-element_type=\"widget\" data-e-type=\"widget\" data-widget_type=\"text-editor.default\">\n\t\t\t\t<div class=\"elementor-widget-container\">\n\t\t\t\t\t\t\t\t\t<p>Collaboration entre les professionnels de sant\u00e9, les chercheurs et les patients pour am\u00e9liorer les connaissances sur l&rsquo;asthme<\/p>\n\t\t\t\t\t\t\t\t<\/div>\n\t\t\t\t<\/div>\n\t\t\t\t<div class=\"elementor-element elementor-element-5bf0e8b box-content elementor-widget elementor-widget-text-editor\" data-id=\"5bf0e8b\" data-element_type=\"widget\" data-e-type=\"widget\" data-widget_type=\"text-editor.default\">\n\t\t\t\t<div class=\"elementor-widget-container\">\n\t\t\t\t\t\t\t\t\t<p>Une collaboration \u00e9troite entre les patients, les professionnels de sant\u00e9 et les chercheurs est cruciale pour le d\u00e9veloppement de preuves cliniques sur la gestion de l&rsquo;asthme. En effet, gr\u00e2ce \u00e0 la collaboration constante avec les patients, les chercheurs peuvent recueillir et analyser des donn\u00e9es \u00e0 partir des exp\u00e9riences de patients r\u00e9els. De plus, les patients qui acceptent de participer \u00e0 des \u00e9tudes cliniques pour tester l&rsquo;efficacit\u00e9 de traitements nouveaux ou existants permettent \u00e0 la science de progresser au b\u00e9n\u00e9fice de tous les patients asthmatiques.  <\/p>\n\t\t\t\t\t\t\t\t<\/div>\n\t\t\t\t<\/div>\n\t\t\t\t\t<\/div>\n\t\t\t\t<\/div>\n\t\t\t\t<\/div>\n\t\t","protected":false},"excerpt":{"rendered":"<p>Le site web AboutAsthma.org est un guide destin\u00e9 aux patients asthmatiques, fournissant des informations g\u00e9n\u00e9rales \u00e0 des fins \u00e9ducatives uniquement. Il s&rsquo;adresse principalement aux patients asthmatiques et \u00e0 leurs aidants. Le contenu de ce site web ne remplace pas les conseils professionnels en mati\u00e8re de soins de sant\u00e9, et ne doit pas \u00eatre utilis\u00e9 comme [&hellip;]<\/p>\n","protected":false},"author":1,"featured_media":0,"parent":0,"menu_order":0,"comment_status":"closed","ping_status":"closed","template":"","meta":{"_acf_changed":false,"footnotes":""},"class_list":["post-1369","page","type-page","status-publish","hentry"],"acf":[],"aioseo_notices":[],"_links":{"self":[{"href":"https:\/\/aboutasthma.org\/fr\/wp-json\/wp\/v2\/pages\/1369","targetHints":{"allow":["GET"]}}],"collection":[{"href":"https:\/\/aboutasthma.org\/fr\/wp-json\/wp\/v2\/pages"}],"about":[{"href":"https:\/\/aboutasthma.org\/fr\/wp-json\/wp\/v2\/types\/page"}],"author":[{"embeddable":true,"href":"https:\/\/aboutasthma.org\/fr\/wp-json\/wp\/v2\/users\/1"}],"replies":[{"embeddable":true,"href":"https:\/\/aboutasthma.org\/fr\/wp-json\/wp\/v2\/comments?post=1369"}],"version-history":[{"count":6,"href":"https:\/\/aboutasthma.org\/fr\/wp-json\/wp\/v2\/pages\/1369\/revisions"}],"predecessor-version":[{"id":2179,"href":"https:\/\/aboutasthma.org\/fr\/wp-json\/wp\/v2\/pages\/1369\/revisions\/2179"}],"wp:attachment":[{"href":"https:\/\/aboutasthma.org\/fr\/wp-json\/wp\/v2\/media?parent=1369"}],"curies":[{"name":"wp","href":"https:\/\/api.w.org\/{rel}","templated":true}]}}