{"id":1618,"date":"2023-09-14T08:45:47","date_gmt":"2023-09-14T07:45:47","guid":{"rendered":"https:\/\/aboutasthma.org\/politique-de-confidentialite\/"},"modified":"2024-04-21T17:53:26","modified_gmt":"2024-04-21T16:53:26","slug":"politique-de-confidentialite","status":"publish","type":"page","link":"https:\/\/aboutasthma.org\/fr\/politique-de-confidentialite\/","title":{"rendered":"Politique de confidentialit\u00e9"},"content":{"rendered":"\r\n\r\n\r\n\r\n\r\n<p>Le site web AboutAsthma.org fait partie du Projet GUIDE Asthme 2023 de l&rsquo;EFA.<\/p>\r\n<p>La <a href=\"https:\/\/www.efanet.org\/\" target=\"_blank\" rel=\"noopener\">European Federation of Allergy and Airways Diseases Patients\u2019 Associations (EFA)<\/a> est l&rsquo;auteur et l&rsquo;\u00e9diteur de ce site web. Vos donn\u00e9es seront g\u00e9r\u00e9es par l&rsquo;EFA conform\u00e9ment \u00e0 leur politique de confidentialit\u00e9.<\/p>\r\n<section id=\"content\">\r\n<div id=\"content-left\" class=\"col2\">\u00a0<\/div>\r\n<\/section>\r\n<footer>\r\n<div class=\"moduletable\">\r\n<div class=\"custom\">\u00a0<\/div>\r\n<\/div>\r\n<\/footer>","protected":false},"excerpt":{"rendered":"<p>Le site web AboutAsthma.org fait partie du Projet GUIDE Asthme 2023 de l&rsquo;EFA. La European Federation of Allergy and Airways Diseases Patients\u2019 Associations (EFA) est l&rsquo;auteur et l&rsquo;\u00e9diteur de ce site web. Vos donn\u00e9es seront g\u00e9r\u00e9es par l&rsquo;EFA conform\u00e9ment \u00e0 leur politique de confidentialit\u00e9. \u00a0 \u00a0<\/p>\n","protected":false},"author":1,"featured_media":0,"parent":0,"menu_order":0,"comment_status":"closed","ping_status":"closed","template":"","meta":{"_acf_changed":false,"footnotes":""},"class_list":["post-1618","page","type-page","status-publish","hentry"],"acf":[],"aioseo_notices":[],"_links":{"self":[{"href":"https:\/\/aboutasthma.org\/fr\/wp-json\/wp\/v2\/pages\/1618","targetHints":{"allow":["GET"]}}],"collection":[{"href":"https:\/\/aboutasthma.org\/fr\/wp-json\/wp\/v2\/pages"}],"about":[{"href":"https:\/\/aboutasthma.org\/fr\/wp-json\/wp\/v2\/types\/page"}],"author":[{"embeddable":true,"href":"https:\/\/aboutasthma.org\/fr\/wp-json\/wp\/v2\/users\/1"}],"replies":[{"embeddable":true,"href":"https:\/\/aboutasthma.org\/fr\/wp-json\/wp\/v2\/comments?post=1618"}],"version-history":[{"count":4,"href":"https:\/\/aboutasthma.org\/fr\/wp-json\/wp\/v2\/pages\/1618\/revisions"}],"predecessor-version":[{"id":1723,"href":"https:\/\/aboutasthma.org\/fr\/wp-json\/wp\/v2\/pages\/1618\/revisions\/1723"}],"wp:attachment":[{"href":"https:\/\/aboutasthma.org\/fr\/wp-json\/wp\/v2\/media?parent=1618"}],"curies":[{"name":"wp","href":"https:\/\/api.w.org\/{rel}","templated":true}]}}