{"id":2522,"date":"2023-09-18T15:11:42","date_gmt":"2023-09-18T14:11:42","guid":{"rendered":"https:\/\/aboutasthma.org\/glossaire-de-lasthme\/"},"modified":"2023-09-18T15:11:42","modified_gmt":"2023-09-18T14:11:42","slug":"glossaire-de-lasthme","status":"publish","type":"page","link":"https:\/\/aboutasthma.org\/fr\/glossaire-de-lasthme\/","title":{"rendered":"Glossaire de l&rsquo;asthme"},"content":{"rendered":"<div class=\"cm-glossary\"><div class=\"glossary-container no-counts\"><input type=\"hidden\" class=\"cmtt-attribute-field\" name=\"glossary_index_style\" value=\"classic\">        <div class=\"progress-indicator\" style=\"display:none\">\r\n                            <img decoding=\"async\" src=\"https:\/\/aboutasthma.org\/wp-content\/plugins\/TooltipProPlus\/assets\/css\/images\/ajax-loader.gif\" alt=\"AJAX progress indicator\"\/>\r\n                    <\/div>\r\n\t\t<div class=\"glossary_top_filter\">\r\n\t\t\t<div class=\"left\">\r\n\t\t\t\t\t\t\t\t\t<span class=\"glossary-search-label\"><\/span>\r\n\t\t\t\t\t<div class=\"glossary-search-wrapper\">\r\n\t\t\t\t\t\t\t\t\t\t\t\t<input value=\"\"\r\n\t\t\t\t\t\t       placeholder=\"\"\r\n\t\t\t\t\t\t       class=\"glossary-search-term \" name=\"glossary-search-term\"\r\n\t\t\t\t\t\t       id=\"glossary-search-term\"\r\n                               aria-label=\"\"\/>\r\n\t\t\t\t\t\t<button type=\"submit\" id=\"glossary-search\"\r\n\t\t\t\t\t\t        class=\"glossary-search button\"><\/button>\r\n\t\t\t\t\t<\/div>\r\n\t\t\t\t\t<a class=\"glossary-search-clear\" title=\"Clear the input\"\r\n\t\t\t\t\t   href=\"\">\r\n\t\t\t\t\t\t\t\t\t\t\t<\/a>\r\n\t\t\t\t\t\t\t\t<\/div>\r\n\t\t\t\t\t<\/div>\r\n\r\n\t\t<input type=\"hidden\" class=\"cmtt-attribute-field\" name=\"disable_listnav\"\r\n\t\t       value=\"0\"\/>\r\n\t\t<input type=\"hidden\" class=\"cmtt-attribute-field\" name=\"exact_search\"\r\n\t\t       value=\"0\"\/>\r\n\t\t<input type=\"hidden\" class=\"cmtt-attribute-field\" name=\"show_search\"\r\n\t\t       value=\"1\"\/>\r\n\t\t<input type=\"hidden\" class=\"glossary-hide-terms\" name=\"glossary-hide-terms\"\r\n\t\t       value=\"0\"\/>\r\n\t\t<input type=\"hidden\" class=\"glossary-hide-categories\" name=\"glossary-hide-categories\"\r\n\t\t       value=\"0\"\/>\r\n\t\t<input type=\"hidden\" class=\"glossary-hide-abbrevs\" name=\"glossary-hide-abbrevs\"\r\n\t\t       value=\"0\"\/>\r\n\t\t<input type=\"hidden\" class=\"glossary-hide-synonyms\" name=\"glossary-hide-synonyms\"\r\n\t\t       value=\"0\"\/>\r\n\t\t<input type=\"hidden\" class=\"glossary-perpage\" name=\"glossary-perpage\"\r\n\t\t       value=\"0\"\/>\r\n\t\t<input type=\"hidden\" name=\"tooltip_language\"\r\n\t\t       value=\"\"\/>\r\n\t\t<input type=\"hidden\" name=\"language_dropdown\"\r\n\t\t       value=\"\"\/>\r\n\t\t<input type=\"hidden\" name=\"languages_for_table\"\r\n\t\t       value=\"\"\/>\r\n\t\t<div id=\"glossaryList-nav\" class=\"listNav medium\" role=\"tablist\"><\/div><ul class=\"glossaryList\" role=\"tablist\" id=\"glossaryList\"  itemscope itemtype=\"https:\/\/schema.org\/DefinedTermSet\"><li class=\" ln-0\"  itemscope itemtype=\"https:\/\/schema.org\/DefinedTerm\" ><a href=\"https:\/\/aboutasthma.org\/fr\/glossary\/allergie\/\"  target=\"_blank\"  rel=\"nofollow\"  role=\"term\" class=\"glossaryLink glossary-link-title \"   style=\"\"   itemprop=\"url\"  aria-describedby=\"tt\" data-cmtooltip=\"cmtt_af184408640435b9b895c63be230b4f2\"><span itemprop=\"name\">Allergie<\/span><\/a><\/li><li class=\" ln-0\"  itemscope itemtype=\"https:\/\/schema.org\/DefinedTerm\" ><a href=\"https:\/\/aboutasthma.org\/fr\/glossary\/antagonistes-des-recepteurs-des-leucotrienes\/\"  target=\"_blank\"  rel=\"nofollow\"  role=\"term\" class=\"glossaryLink glossary-link-title \"   style=\"\"   itemprop=\"url\"  aria-describedby=\"tt\" data-cmtooltip=\"cmtt_a3c488617ebef45b0488fda75ce00738\"><span itemprop=\"name\">ALRL<\/span><\/a><\/li><li class=\" ln-0\"  itemscope itemtype=\"https:\/\/schema.org\/DefinedTerm\" ><a href=\"https:\/\/aboutasthma.org\/fr\/glossary\/antagonistes-des-recepteurs-des-leucotrienes\/\"  target=\"_blank\"  rel=\"nofollow\"  role=\"term\" class=\"glossaryLink glossary-link-title \"   style=\"\"   itemprop=\"url\"  aria-describedby=\"tt\" data-cmtooltip=\"cmtt_d68b8f0ce5a388cef643c12cf5dbc9c3\"><span itemprop=\"name\">Antagonistes des r\u00e9cepteurs des leucotri\u00e8nes<\/span><\/a><\/li><li class=\" ln-0\"  itemscope itemtype=\"https:\/\/schema.org\/DefinedTerm\" ><a href=\"https:\/\/aboutasthma.org\/fr\/glossary\/anti-inflammatoires-non-steroidiens\/\"  target=\"_blank\"  rel=\"nofollow\"  role=\"term\" class=\"glossaryLink glossary-link-title \"   style=\"\"   itemprop=\"url\"  aria-describedby=\"tt\" data-cmtooltip=\"cmtt_c1e1478b8375d050d3f5982fb0546d9a\"><span itemprop=\"name\">Anti-inflammatoires non st\u00e9ro\u00efdiens<\/span><\/a><\/li><li class=\" ln-0\"  itemscope itemtype=\"https:\/\/schema.org\/DefinedTerm\" ><a href=\"https:\/\/aboutasthma.org\/fr\/glossary\/augmentation-de-la-production-de-mucus\/\"  target=\"_blank\"  rel=\"nofollow\"  role=\"term\" class=\"glossaryLink glossary-link-title \"   style=\"\"   itemprop=\"url\"  aria-describedby=\"tt\" data-cmtooltip=\"cmtt_77c5c98dde1e16a07c0304f63d6159d2\"><span itemprop=\"name\">Augmentation de la production de mucus<\/span><\/a><\/li><li class=\" ln-1\"  itemscope itemtype=\"https:\/\/schema.org\/DefinedTerm\" ><a href=\"https:\/\/aboutasthma.org\/fr\/glossary\/beta-agonistes-a-action-prolongee\/\"  target=\"_blank\"  rel=\"nofollow\"  role=\"term\" class=\"glossaryLink glossary-link-title \"   style=\"\"   itemprop=\"url\"  aria-describedby=\"tt\" data-cmtooltip=\"cmtt_bb75942ca0b47bcffe0e55b173b3170e\"><span itemprop=\"name\">BAAP<\/span><\/a><\/li><li class=\" ln-1\"  itemscope itemtype=\"https:\/\/schema.org\/DefinedTerm\" ><a href=\"https:\/\/aboutasthma.org\/fr\/glossary\/beta-agonistes-a-action-breve\/\"  target=\"_blank\"  rel=\"nofollow\"  role=\"term\" class=\"glossaryLink glossary-link-title \"   style=\"\"   itemprop=\"url\"  aria-describedby=\"tt\" data-cmtooltip=\"cmtt_caa190ad81fe1fb54f60382f2f46f1dc\"><span itemprop=\"name\">B\u00eata-agonistes \u00e0 action br\u00e8ve<\/span><\/a><\/li><li class=\" ln-1\"  itemscope itemtype=\"https:\/\/schema.org\/DefinedTerm\" ><a href=\"https:\/\/aboutasthma.org\/fr\/glossary\/beta-agonistes-a-action-prolongee\/\"  target=\"_blank\"  rel=\"nofollow\"  role=\"term\" class=\"glossaryLink glossary-link-title \"   style=\"\"   itemprop=\"url\"  aria-describedby=\"tt\" data-cmtooltip=\"cmtt_054247efc2854f5e7604e887a699c677\"><span itemprop=\"name\">B\u00eata-agonistes \u00e0 action prolong\u00e9e<\/span><\/a><\/li><li class=\" ln-1\"  itemscope itemtype=\"https:\/\/schema.org\/DefinedTerm\" ><a href=\"https:\/\/aboutasthma.org\/fr\/glossary\/biotherapie\/\"  target=\"_blank\"  rel=\"nofollow\"  role=\"term\" class=\"glossaryLink glossary-link-title \"   style=\"\"   itemprop=\"url\"  aria-describedby=\"tt\" data-cmtooltip=\"cmtt_2f7770b2a40a1e9c703830d2ad69cfc3\"><span itemprop=\"name\">Bioth\u00e9rapie<\/span><\/a><\/li><li class=\" ln-1\"  itemscope itemtype=\"https:\/\/schema.org\/DefinedTerm\" ><a href=\"https:\/\/aboutasthma.org\/fr\/glossary\/bronchite-pulmonaire-obstructive-chronique\/\"  target=\"_blank\"  rel=\"nofollow\"  role=\"term\" class=\"glossaryLink glossary-link-title \"   style=\"\"   itemprop=\"url\"  aria-describedby=\"tt\" data-cmtooltip=\"cmtt_9ebacb828631baaadf30967052fea8ae\"><span itemprop=\"name\">BPCO<\/span><\/a><\/li><li class=\" ln-1\"  itemscope itemtype=\"https:\/\/schema.org\/DefinedTerm\" ><a href=\"https:\/\/aboutasthma.org\/fr\/glossary\/bronchite-pulmonaire-obstructive-chronique\/\"  target=\"_blank\"  rel=\"nofollow\"  role=\"term\" class=\"glossaryLink glossary-link-title \"   style=\"\"   itemprop=\"url\"  aria-describedby=\"tt\" data-cmtooltip=\"cmtt_f730bdb31b66f6a7c7b422e1030dc0ac\"><span itemprop=\"name\">Bronchite pulmonaire obstructive chronique<\/span><\/a><\/li><li class=\" ln-1\"  itemscope itemtype=\"https:\/\/schema.org\/DefinedTerm\" ><a href=\"https:\/\/aboutasthma.org\/fr\/glossary\/bronchospasme\/\"  target=\"_blank\"  rel=\"nofollow\"  role=\"term\" class=\"glossaryLink glossary-link-title \"   style=\"\"   itemprop=\"url\"  aria-describedby=\"tt\" data-cmtooltip=\"cmtt_ee2f94b4567721d1da5e9010e288e92b\"><span itemprop=\"name\">Bronchospasme<\/span><\/a><\/li><li class=\" ln-2\"  itemscope itemtype=\"https:\/\/schema.org\/DefinedTerm\" ><a href=\"https:\/\/aboutasthma.org\/fr\/glossary\/chambre-dinhalation\/\"  target=\"_blank\"  rel=\"nofollow\"  role=\"term\" class=\"glossaryLink glossary-link-title \"   style=\"\"   itemprop=\"url\"  aria-describedby=\"tt\" data-cmtooltip=\"cmtt_c6782c2270cf4e2fb09cc63293406415\"><span itemprop=\"name\">Chambre d'inhalation<\/span><\/a><\/li><li class=\" ln-2\"  itemscope itemtype=\"https:\/\/schema.org\/DefinedTerm\" ><a href=\"https:\/\/aboutasthma.org\/fr\/glossary\/choc-anaphylactique\/\"  target=\"_blank\"  rel=\"nofollow\"  role=\"term\" class=\"glossaryLink glossary-link-title \"   style=\"\"   itemprop=\"url\"  aria-describedby=\"tt\" data-cmtooltip=\"cmtt_3e5ea4262695ab3bd8c1e92358fca2b3\"><span itemprop=\"name\">Choc anaphylactique<\/span><\/a><\/li><li class=\" ln-2\"  itemscope itemtype=\"https:\/\/schema.org\/DefinedTerm\" ><a href=\"https:\/\/aboutasthma.org\/fr\/glossary\/contractions-musculaires\/\"  target=\"_blank\"  rel=\"nofollow\"  role=\"term\" class=\"glossaryLink glossary-link-title \"   style=\"\"   itemprop=\"url\"  aria-describedby=\"tt\" data-cmtooltip=\"cmtt_122dcc378c84a6a4cde689d365bc907e\"><span itemprop=\"name\">Contractions musculaires<\/span><\/a><\/li><li class=\" ln-2\"  itemscope itemtype=\"https:\/\/schema.org\/DefinedTerm\" ><a href=\"https:\/\/aboutasthma.org\/fr\/glossary\/corticoides-inhales\/\"  target=\"_blank\"  rel=\"nofollow\"  role=\"term\" class=\"glossaryLink glossary-link-title \"   style=\"\"   itemprop=\"url\"  aria-describedby=\"tt\" data-cmtooltip=\"cmtt_b9e868b5202c610b66df4a86908ee2f3\"><span itemprop=\"name\">Cortico\u00efdes inhal\u00e9s<\/span><\/a><\/li><li class=\" ln-2\"  itemscope itemtype=\"https:\/\/schema.org\/DefinedTerm\" ><a href=\"https:\/\/aboutasthma.org\/fr\/glossary\/corticoides-oraux\/\"  target=\"_blank\"  rel=\"nofollow\"  role=\"term\" class=\"glossaryLink glossary-link-title \"   style=\"\"   itemprop=\"url\"  aria-describedby=\"tt\" data-cmtooltip=\"cmtt_eb19f72ecafbe6381454ff8d7722d711\"><span itemprop=\"name\">Cortico\u00efdes oraux<\/span><\/a><\/li><li class=\" ln-2\"  itemscope itemtype=\"https:\/\/schema.org\/DefinedTerm\" ><a href=\"https:\/\/aboutasthma.org\/fr\/glossary\/corticoides-inhales\/\"  target=\"_blank\"  rel=\"nofollow\"  role=\"term\" class=\"glossaryLink glossary-link-title \"   style=\"\"   itemprop=\"url\"  aria-describedby=\"tt\" data-cmtooltip=\"cmtt_108e96985351a36ed0e84b29b6606dc1\"><span itemprop=\"name\">CSI<\/span><\/a><\/li><li class=\" ln-2\"  itemscope itemtype=\"https:\/\/schema.org\/DefinedTerm\" ><a href=\"https:\/\/aboutasthma.org\/fr\/glossary\/corticoides-oraux\/\"  target=\"_blank\"  rel=\"nofollow\"  role=\"term\" class=\"glossaryLink glossary-link-title \"   style=\"\"   itemprop=\"url\"  aria-describedby=\"tt\" data-cmtooltip=\"cmtt_5f52716b17469a02fe2c9a6627566149\"><span itemprop=\"name\">CSO<\/span><\/a><\/li><li class=\" ln-3\"  itemscope itemtype=\"https:\/\/schema.org\/DefinedTerm\" ><a href=\"https:\/\/aboutasthma.org\/fr\/glossary\/debit-expiratoire-de-pointe\/\"  target=\"_blank\"  rel=\"nofollow\"  role=\"term\" class=\"glossaryLink glossary-link-title \"   style=\"\"   itemprop=\"url\"  aria-describedby=\"tt\" data-cmtooltip=\"cmtt_d5ff72fc5442cc866e6e4bf7f476ead7\"><span itemprop=\"name\">D\u00e9bit expiratoire de pointe<\/span><\/a><\/li><li class=\" ln-3\"  itemscope itemtype=\"https:\/\/schema.org\/DefinedTerm\" ><a href=\"https:\/\/aboutasthma.org\/fr\/glossary\/debit-expiratoire-de-pointe-personnel-optimal\/\"  target=\"_blank\"  rel=\"nofollow\"  role=\"term\" class=\"glossaryLink glossary-link-title \"   style=\"\"   itemprop=\"url\"  aria-describedby=\"tt\" data-cmtooltip=\"cmtt_ce40404b47c3c3e336fb6b0c3f87941d\"><span itemprop=\"name\">D\u00e9bit expiratoire de pointe personnel optimal<\/span><\/a><\/li><li class=\" ln-3\"  itemscope itemtype=\"https:\/\/schema.org\/DefinedTerm\" ><a href=\"https:\/\/aboutasthma.org\/fr\/glossary\/debitmetre-de-pointe\/\"  target=\"_blank\"  rel=\"nofollow\"  role=\"term\" class=\"glossaryLink glossary-link-title \"   style=\"\"   itemprop=\"url\"  aria-describedby=\"tt\" data-cmtooltip=\"cmtt_22d5ab92eaff7b8c8df9d18c3a005013\"><span itemprop=\"name\">D\u00e9bitm\u00e8tre de pointe<\/span><\/a><\/li><li class=\" ln-3\"  itemscope itemtype=\"https:\/\/schema.org\/DefinedTerm\" ><a href=\"https:\/\/aboutasthma.org\/fr\/glossary\/declencheur\/\"  target=\"_blank\"  rel=\"nofollow\"  role=\"term\" class=\"glossaryLink glossary-link-title \"   style=\"\"   itemprop=\"url\"  aria-describedby=\"tt\" data-cmtooltip=\"cmtt_f2fd7d95a5221ebeab94b36c2d61058d\"><span itemprop=\"name\">D\u00e9clencheur<\/span><\/a><\/li><li class=\" ln-3\"  itemscope itemtype=\"https:\/\/schema.org\/DefinedTerm\" ><a href=\"https:\/\/aboutasthma.org\/fr\/glossary\/debit-expiratoire-de-pointe\/\"  target=\"_blank\"  rel=\"nofollow\"  role=\"term\" class=\"glossaryLink glossary-link-title \"   style=\"\"   itemprop=\"url\"  aria-describedby=\"tt\" data-cmtooltip=\"cmtt_601091e452ed301fc6a261b257609421\"><span itemprop=\"name\">DEP<\/span><\/a><\/li><li class=\" ln-3\"  itemscope itemtype=\"https:\/\/schema.org\/DefinedTerm\" ><a href=\"https:\/\/aboutasthma.org\/fr\/glossary\/desensibilisation-aux-allergies\/\"  target=\"_blank\"  rel=\"nofollow\"  role=\"term\" class=\"glossaryLink glossary-link-title \"   style=\"\"   itemprop=\"url\"  aria-describedby=\"tt\" data-cmtooltip=\"cmtt_b104ae2d59e6670181b5f163d7d1e1e9\"><span itemprop=\"name\">D\u00e9sensibilisation aux allergies<\/span><\/a><\/li><li class=\" ln-3\"  itemscope itemtype=\"https:\/\/schema.org\/DefinedTerm\" ><a href=\"https:\/\/aboutasthma.org\/fr\/glossary\/inhalateur-de-poudre-seche\/\"  target=\"_blank\"  rel=\"nofollow\"  role=\"term\" class=\"glossaryLink glossary-link-title \"   style=\"\"   itemprop=\"url\"  aria-describedby=\"tt\" data-cmtooltip=\"cmtt_17165bf2fce256803c3982b90bd730a9\"><span itemprop=\"name\">DPI<\/span><\/a><\/li><li class=\" ln-4\"  itemscope itemtype=\"https:\/\/schema.org\/DefinedTerm\" ><a href=\"https:\/\/aboutasthma.org\/fr\/glossary\/essoufflement\/\"  target=\"_blank\"  rel=\"nofollow\"  role=\"term\" class=\"glossaryLink glossary-link-title \"   style=\"\"   itemprop=\"url\"  aria-describedby=\"tt\" data-cmtooltip=\"cmtt_fbc05a8c2ecc091d5b8b70248d9802ca\"><span itemprop=\"name\">Essoufflement<\/span><\/a><\/li><li class=\" ln-4\"  itemscope itemtype=\"https:\/\/schema.org\/DefinedTerm\" ><a href=\"https:\/\/aboutasthma.org\/fr\/glossary\/exacerbation\/\"  target=\"_blank\"  rel=\"nofollow\"  role=\"term\" class=\"glossaryLink glossary-link-title \"   style=\"\"   itemprop=\"url\"  aria-describedby=\"tt\" data-cmtooltip=\"cmtt_6b6fde563420118e6d2d6f079a8b4535\"><span itemprop=\"name\">Exacerbation<\/span><\/a><\/li><li class=\" ln-6\"  itemscope itemtype=\"https:\/\/schema.org\/DefinedTerm\" ><a href=\"https:\/\/aboutasthma.org\/fr\/glossary\/gonflement\/\"  target=\"_blank\"  rel=\"nofollow\"  role=\"term\" class=\"glossaryLink glossary-link-title \"   style=\"\"   itemprop=\"url\"  aria-describedby=\"tt\" data-cmtooltip=\"cmtt_69f8e4e72c3b7b857e3697fb12a1a483\"><span itemprop=\"name\">Gonflement<\/span><\/a><\/li><li class=\" ln-8\"  itemscope itemtype=\"https:\/\/schema.org\/DefinedTerm\" ><a href=\"https:\/\/aboutasthma.org\/fr\/glossary\/inflammation-des-voies-respiratoires-a-eosinophiles\/\"  target=\"_blank\"  rel=\"nofollow\"  role=\"term\" class=\"glossaryLink glossary-link-title \"   style=\"\"   itemprop=\"url\"  aria-describedby=\"tt\" data-cmtooltip=\"cmtt_5aeb209f87e60f2a7ec9c1b04f9292a0\"><span itemprop=\"name\">Inflammation des voies respiratoires \u00e0 \u00e9osinophiles<\/span><\/a><\/li><li class=\" ln-8\"  itemscope itemtype=\"https:\/\/schema.org\/DefinedTerm\" ><a href=\"https:\/\/aboutasthma.org\/fr\/glossary\/inhalateur-de-poudre-seche\/\"  target=\"_blank\"  rel=\"nofollow\"  role=\"term\" class=\"glossaryLink glossary-link-title \"   style=\"\"   itemprop=\"url\"  aria-describedby=\"tt\" data-cmtooltip=\"cmtt_3a01452dc2c2993570becbb158833cb0\"><span itemprop=\"name\">Inhalateur de poudre s\u00e8che<\/span><\/a><\/li><li class=\" ln-8\"  itemscope itemtype=\"https:\/\/schema.org\/DefinedTerm\" ><a href=\"https:\/\/aboutasthma.org\/fr\/glossary\/inhalateur-doseur-a-cartouche-sous-pression\/\"  target=\"_blank\"  rel=\"nofollow\"  role=\"term\" class=\"glossaryLink glossary-link-title \"   style=\"\"   itemprop=\"url\"  aria-describedby=\"tt\" data-cmtooltip=\"cmtt_866808309dfe999ddae2359a5edf273c\"><span itemprop=\"name\">Inhalateur doseur \u00e0 cartouche sous pression<\/span><\/a><\/li><li class=\" ln-13\"  itemscope itemtype=\"https:\/\/schema.org\/DefinedTerm\" ><a href=\"https:\/\/aboutasthma.org\/fr\/glossary\/nebuliseur\/\"  target=\"_blank\"  rel=\"nofollow\"  role=\"term\" class=\"glossaryLink glossary-link-title \"   style=\"\"   itemprop=\"url\"  aria-describedby=\"tt\" data-cmtooltip=\"cmtt_bd3691f902c146734afd57b0be605d9b\"><span itemprop=\"name\">N\u00e9buliseur<\/span><\/a><\/li><li class=\" ln-15\"  itemscope itemtype=\"https:\/\/schema.org\/DefinedTerm\" ><a href=\"https:\/\/aboutasthma.org\/fr\/glossary\/phenotypes\/\"  target=\"_blank\"  rel=\"nofollow\"  role=\"term\" class=\"glossaryLink glossary-link-title \"   style=\"\"   itemprop=\"url\"  aria-describedby=\"tt\" data-cmtooltip=\"cmtt_57e4b6c8a89d81aa5088ee3fc2119a83\"><span itemprop=\"name\">Ph\u00e9notypes<\/span><\/a><\/li><li class=\" ln-15\"  itemscope itemtype=\"https:\/\/schema.org\/DefinedTerm\" ><a href=\"https:\/\/aboutasthma.org\/fr\/glossary\/inhalateur-doseur-a-cartouche-sous-pression\/\"  target=\"_blank\"  rel=\"nofollow\"  role=\"term\" class=\"glossaryLink glossary-link-title \"   style=\"\"   itemprop=\"url\"  aria-describedby=\"tt\" data-cmtooltip=\"cmtt_b5fd90dd427f5c0e7bf190e9f791ade3\"><span itemprop=\"name\">pMDI<\/span><\/a><\/li><li class=\" ln-17\"  itemscope itemtype=\"https:\/\/schema.org\/DefinedTerm\" ><a href=\"https:\/\/aboutasthma.org\/fr\/glossary\/rhinite\/\"  target=\"_blank\"  rel=\"nofollow\"  role=\"term\" class=\"glossaryLink glossary-link-title \"   style=\"\"   itemprop=\"url\"  aria-describedby=\"tt\" data-cmtooltip=\"cmtt_a0d95efd18607c0e0fa4e9f04b23b4b3\"><span itemprop=\"name\">Rhinite<\/span><\/a><\/li><li class=\" ln-18\"  itemscope itemtype=\"https:\/\/schema.org\/DefinedTerm\" ><a href=\"https:\/\/aboutasthma.org\/fr\/glossary\/beta-agonistes-a-action-breve\/\"  target=\"_blank\"  rel=\"nofollow\"  role=\"term\" class=\"glossaryLink glossary-link-title \"   style=\"\"   itemprop=\"url\"  aria-describedby=\"tt\" data-cmtooltip=\"cmtt_ec09a1b4b846001abfba837a0507d387\"><span itemprop=\"name\">SABA<\/span><\/a><\/li><li class=\" ln-18\"  itemscope itemtype=\"https:\/\/schema.org\/DefinedTerm\" ><a href=\"https:\/\/aboutasthma.org\/fr\/glossary\/sensation-de-pression-thoracique\/\"  target=\"_blank\"  rel=\"nofollow\"  role=\"term\" class=\"glossaryLink glossary-link-title \"   style=\"\"   itemprop=\"url\"  aria-describedby=\"tt\" data-cmtooltip=\"cmtt_e2776516f645832a9efa16d859b504e8\"><span itemprop=\"name\">Sensation de pression thoracique<\/span><\/a><\/li><li class=\" ln-18\"  itemscope itemtype=\"https:\/\/schema.org\/DefinedTerm\" ><a href=\"https:\/\/aboutasthma.org\/fr\/glossary\/sifflement\/\"  target=\"_blank\"  rel=\"nofollow\"  role=\"term\" class=\"glossaryLink glossary-link-title \"   style=\"\"   itemprop=\"url\"  aria-describedby=\"tt\" data-cmtooltip=\"cmtt_79b8ba658e6219d7ee26068b81d9cecf\"><span itemprop=\"name\">Sifflement<\/span><\/a><\/li><li class=\" ln-18\"  itemscope itemtype=\"https:\/\/schema.org\/DefinedTerm\" ><a href=\"https:\/\/aboutasthma.org\/fr\/glossary\/spirometrie\/\"  target=\"_blank\"  rel=\"nofollow\"  role=\"term\" class=\"glossaryLink glossary-link-title \"   style=\"\"   itemprop=\"url\"  aria-describedby=\"tt\" data-cmtooltip=\"cmtt_c58df41ae8a2dc1dcb95c0823c71984a\"><span itemprop=\"name\">Spirom\u00e9trie<\/span><\/a><\/li><li class=\" ln-19\"  itemscope itemtype=\"https:\/\/schema.org\/DefinedTerm\" ><a href=\"https:\/\/aboutasthma.org\/fr\/glossary\/toux\/\"  target=\"_blank\"  rel=\"nofollow\"  role=\"term\" class=\"glossaryLink glossary-link-title \"   style=\"\"   itemprop=\"url\"  aria-describedby=\"tt\" data-cmtooltip=\"cmtt_0ad1f142608044c5e217c913272aa0ff\"><span itemprop=\"name\">Toux<\/span><\/a><\/li><li class=\" ln-21\"  itemscope itemtype=\"https:\/\/schema.org\/DefinedTerm\" ><a href=\"https:\/\/aboutasthma.org\/fr\/glossary\/volume-expiratoire-maximal-en-une-seconde\/\"  target=\"_blank\"  rel=\"nofollow\"  role=\"term\" class=\"glossaryLink glossary-link-title \"   style=\"\"   itemprop=\"url\"  aria-describedby=\"tt\" data-cmtooltip=\"cmtt_b36dceffca037f7a2071b40391f56304\"><span itemprop=\"name\">VEMS1<\/span><\/a><\/li><li class=\" ln-21\"  itemscope itemtype=\"https:\/\/schema.org\/DefinedTerm\" ><a href=\"https:\/\/aboutasthma.org\/fr\/glossary\/volume-expiratoire-maximal-en-une-seconde\/\"  target=\"_blank\"  rel=\"nofollow\"  role=\"term\" class=\"glossaryLink glossary-link-title \"   style=\"\"   itemprop=\"url\"  aria-describedby=\"tt\" data-cmtooltip=\"cmtt_6c1215f80bf54fa39a06710b99816eb4\"><span itemprop=\"name\">Volume expiratoire maximal en une seconde<\/span><\/a><\/li><\/ul><\/div><\/div>\n","protected":false},"excerpt":{"rendered":"","protected":false},"author":1,"featured_media":0,"parent":0,"menu_order":0,"comment_status":"closed","ping_status":"closed","template":"","meta":{"_acf_changed":false,"footnotes":""},"class_list":["post-2522","page","type-page","status-publish","hentry"],"acf":[],"aioseo_notices":[],"_links":{"self":[{"href":"https:\/\/aboutasthma.org\/fr\/wp-json\/wp\/v2\/pages\/2522","targetHints":{"allow":["GET"]}}],"collection":[{"href":"https:\/\/aboutasthma.org\/fr\/wp-json\/wp\/v2\/pages"}],"about":[{"href":"https:\/\/aboutasthma.org\/fr\/wp-json\/wp\/v2\/types\/page"}],"author":[{"embeddable":true,"href":"https:\/\/aboutasthma.org\/fr\/wp-json\/wp\/v2\/users\/1"}],"replies":[{"embeddable":true,"href":"https:\/\/aboutasthma.org\/fr\/wp-json\/wp\/v2\/comments?post=2522"}],"version-history":[{"count":0,"href":"https:\/\/aboutasthma.org\/fr\/wp-json\/wp\/v2\/pages\/2522\/revisions"}],"wp:attachment":[{"href":"https:\/\/aboutasthma.org\/fr\/wp-json\/wp\/v2\/media?parent=2522"}],"curies":[{"name":"wp","href":"https:\/\/api.w.org\/{rel}","templated":true}]}}